{"id":83,"date":"2024-12-05T17:39:39","date_gmt":"2024-12-05T16:39:39","guid":{"rendered":"https:\/\/philippemiska-conseils.com\/?page_id=83"},"modified":"2024-12-10T09:42:38","modified_gmt":"2024-12-10T08:42:38","slug":"a-propos-2","status":"publish","type":"page","link":"https:\/\/philippemiska-conseils.com\/?page_id=83","title":{"rendered":"\u00c0 propos"},"content":{"rendered":"\n<div class=\"wp-block-cover alignfull\" style=\"padding-top:var(--wp--preset--spacing--80);padding-right:var(--wp--preset--spacing--50);padding-bottom:var(--wp--preset--spacing--80);padding-left:var(--wp--preset--spacing--50)\"><span aria-hidden=\"true\" class=\"wp-block-cover__background has-nv-site-bg-background-color has-background-dim-100 has-background-dim\"><\/span><div class=\"wp-block-cover__inner-container is-layout-flow wp-block-cover-is-layout-flow\">\n<div class=\"wp-block-group\"><div class=\"wp-block-group__inner-container is-layout-constrained wp-block-group-is-layout-constrained\">\n<p class=\"has-text-align-center big-number has-nv-light-bg-color has-text-color has-link-color wp-elements-78174843cffdef32a13b95df324e9fe8\" style=\"font-size:220px\"><\/p>\n\n\n\n<h2 class=\"wp-block-heading has-text-align-center has-neve-text-color-color has-text-color has-link-color wp-elements-28d7be3bde100f4fdc3e89ee3c8d8325\"><strong>Philippe MISKA<\/strong><br><em>Expert en Transformation de la Performance<\/em><\/h2>\n\n\n\n<div style=\"height:80px\" aria-hidden=\"true\" class=\"wp-block-spacer\"><\/div>\n\n\n\n<div style=\"height:16px\" aria-hidden=\"true\" class=\"wp-block-spacer\"><\/div>\n<\/div><\/div>\n\n\n\n<div class=\"wp-block-columns are-vertically-aligned-center has-neve-text-color-color has-text-color has-link-color wp-elements-86e5fa8aad8a116d32a74bb852fe1a5c is-layout-flex wp-container-core-columns-is-layout-d735db0d wp-block-columns-is-layout-flex\" style=\"padding-top:0;padding-right:0;padding-bottom:0;padding-left:0\">\n<div class=\"wp-block-column is-vertically-aligned-center is-layout-flow wp-block-column-is-layout-flow\" style=\"padding-top:var(--wp--preset--spacing--40);padding-right:var(--wp--preset--spacing--50);padding-bottom:var(--wp--preset--spacing--40);padding-left:var(--wp--preset--spacing--50)\">\n<p class=\"has-medium-font-size\"><\/p>\n\n\n\n<h2 class=\"wp-block-heading\">Il est reconnu ..<\/h2>\n\n\n\n<p>pour son approche structur\u00e9e et orient\u00e9e \u00ab&nbsp;client final et r\u00e9sultats&nbsp;\u00bb.<\/p>\n<\/div>\n\n\n\n<div class=\"wp-block-column is-vertically-aligned-center is-layout-flow wp-block-column-is-layout-flow\" style=\"padding-top:0;padding-right:0;padding-bottom:0;padding-left:0\"><div class=\"wp-block-image is-style-default\">\n<figure class=\"aligncenter size-full is-resized\" id=\"wp-block-themeisle-blocks-image-b261ce5a\"><img loading=\"lazy\" decoding=\"async\" width=\"1865\" height=\"2208\" src=\"https:\/\/philippemiska-conseils.com\/wp-content\/uploads\/2024\/12\/Phil-1.png\" alt=\"\" class=\"wp-image-149\" style=\"width:334px;height:auto\" srcset=\"https:\/\/philippemiska-conseils.com\/wp-content\/uploads\/2024\/12\/Phil-1.png 1865w, https:\/\/philippemiska-conseils.com\/wp-content\/uploads\/2024\/12\/Phil-1-253x300.png 253w, https:\/\/philippemiska-conseils.com\/wp-content\/uploads\/2024\/12\/Phil-1-865x1024.png 865w, https:\/\/philippemiska-conseils.com\/wp-content\/uploads\/2024\/12\/Phil-1-768x909.png 768w, https:\/\/philippemiska-conseils.com\/wp-content\/uploads\/2024\/12\/Phil-1-1297x1536.png 1297w, https:\/\/philippemiska-conseils.com\/wp-content\/uploads\/2024\/12\/Phil-1-1730x2048.png 1730w\" sizes=\"auto, (max-width: 1865px) 100vw, 1865px\" \/><\/figure>\n<\/div><\/div>\n<\/div>\n\n\n\n<div class=\"wp-block-columns are-vertically-aligned-center has-neve-text-color-color has-text-color has-link-color wp-elements-b72a7b8c4dcb32a6e0c4027cc0c2962f is-layout-flex wp-container-core-columns-is-layout-d735db0d wp-block-columns-is-layout-flex\" style=\"padding-top:0;padding-right:0;padding-bottom:0;padding-left:0\">\n<div class=\"wp-block-column is-vertically-aligned-center is-layout-flow wp-block-column-is-layout-flow\" style=\"padding-top:0;padding-right:0;padding-bottom:0;padding-left:0\"><div class=\"wp-block-image is-style-default\">\n<figure class=\"aligncenter size-full\" id=\"wp-block-themeisle-blocks-image-d6c21ff0\"><img loading=\"lazy\" decoding=\"async\" width=\"1323\" height=\"657\" src=\"https:\/\/philippemiska-conseils.com\/wp-content\/uploads\/2024\/12\/Defis-6.png\" alt=\"\" class=\"wp-image-154\" srcset=\"https:\/\/philippemiska-conseils.com\/wp-content\/uploads\/2024\/12\/Defis-6.png 1323w, https:\/\/philippemiska-conseils.com\/wp-content\/uploads\/2024\/12\/Defis-6-300x149.png 300w, https:\/\/philippemiska-conseils.com\/wp-content\/uploads\/2024\/12\/Defis-6-1024x509.png 1024w, https:\/\/philippemiska-conseils.com\/wp-content\/uploads\/2024\/12\/Defis-6-768x381.png 768w\" sizes=\"auto, (max-width: 1323px) 100vw, 1323px\" \/><\/figure>\n<\/div><\/div>\n\n\n\n<div class=\"wp-block-column is-vertically-aligned-center is-layout-flow wp-block-column-is-layout-flow\" style=\"padding-top:var(--wp--preset--spacing--40);padding-right:var(--wp--preset--spacing--40);padding-bottom:var(--wp--preset--spacing--40);padding-left:var(--wp--preset--spacing--40)\">\n<p class=\"has-medium-font-size\"><\/p>\n\n\n\n<h2 class=\"wp-block-heading\">Il accompagne ..<\/h2>\n\n\n\n<p>les dirigeants de PME\/ETI \u00e0 maximiser leur <strong>rentabilit\u00e9<\/strong>, d\u00e9velopper leurs <strong>revenus<\/strong>, <strong>fid\u00e9liser<\/strong> leurs clients, et <strong>mobiliser<\/strong> leurs \u00e9quipes, autour de solutions concr\u00e8tes et durables.<\/p>\n<\/div>\n<\/div>\n\n\n\n<div class=\"wp-block-columns are-vertically-aligned-center has-neve-text-color-color has-text-color has-link-color wp-elements-d3818e74cc2d86ccfbca775662196893 is-layout-flex wp-container-core-columns-is-layout-d735db0d wp-block-columns-is-layout-flex\" style=\"padding-top:0;padding-right:0;padding-bottom:0;padding-left:0\">\n<div class=\"wp-block-column is-vertically-aligned-center is-layout-flow wp-block-column-is-layout-flow\" style=\"padding-top:var(--wp--preset--spacing--40);padding-right:var(--wp--preset--spacing--50);padding-bottom:var(--wp--preset--spacing--40);padding-left:var(--wp--preset--spacing--50)\">\n<p class=\"has-medium-font-size\"><\/p>\n\n\n\n<h2 class=\"wp-block-heading\">Son expertise ..<\/h2>\n\n\n\n<p>Commerciale et Op\u00e9rationnelle au service des secteurs :<br>&#8211; <strong>TRANSPORT VERTICAL<\/strong>,<br>&#8211; <strong>SERVICES TECHNIQUES MULTISITES<\/strong>,<br>&#8211; <strong>HVAC<\/strong> et <strong>\u00c9QUIPEMENTS TECHNIQUES<\/strong><\/p>\n<\/div>\n\n\n\n<div class=\"wp-block-column is-vertically-aligned-center is-layout-flow wp-block-column-is-layout-flow\" style=\"padding-top:0;padding-right:0;padding-bottom:0;padding-left:0\"><div class=\"wp-block-image is-style-default\">\n<figure class=\"aligncenter size-full is-resized has-custom-border\" id=\"wp-block-themeisle-blocks-image-6ec40326\"><img loading=\"lazy\" decoding=\"async\" width=\"703\" height=\"560\" src=\"https:\/\/philippemiska-conseils.com\/wp-content\/uploads\/2024\/12\/IMG_2004-1.jpeg\" alt=\"\" class=\"wp-image-475\" style=\"border-radius:0px;object-fit:cover;width:294px;height:auto\" srcset=\"https:\/\/philippemiska-conseils.com\/wp-content\/uploads\/2024\/12\/IMG_2004-1.jpeg 703w, https:\/\/philippemiska-conseils.com\/wp-content\/uploads\/2024\/12\/IMG_2004-1-300x239.jpeg 300w\" sizes=\"auto, (max-width: 703px) 100vw, 703px\" \/><\/figure>\n<\/div><\/div>\n<\/div>\n\n\n\n<div class=\"wp-block-columns are-vertically-aligned-center has-neve-text-color-color has-text-color has-link-color wp-elements-0de7f8f1ab5c6f754b4d07ec22d2f4c2 is-layout-flex wp-container-core-columns-is-layout-d735db0d wp-block-columns-is-layout-flex\" style=\"padding-top:0;padding-right:0;padding-bottom:0;padding-left:0\">\n<div class=\"wp-block-column is-vertically-aligned-center is-layout-flow wp-block-column-is-layout-flow\" style=\"padding-top:0;padding-right:0;padding-bottom:0;padding-left:0\"><div class=\"wp-block-image is-style-default\">\n<figure class=\"aligncenter size-full is-resized\" id=\"wp-block-themeisle-blocks-image-c58ef141\"><img loading=\"lazy\" decoding=\"async\" width=\"1308\" height=\"647\" src=\"https:\/\/philippemiska-conseils.com\/wp-content\/uploads\/2024\/12\/Valeurs-2.png\" alt=\"\" class=\"wp-image-156\" style=\"width:319px;height:auto\" srcset=\"https:\/\/philippemiska-conseils.com\/wp-content\/uploads\/2024\/12\/Valeurs-2.png 1308w, https:\/\/philippemiska-conseils.com\/wp-content\/uploads\/2024\/12\/Valeurs-2-300x148.png 300w, https:\/\/philippemiska-conseils.com\/wp-content\/uploads\/2024\/12\/Valeurs-2-1024x507.png 1024w, https:\/\/philippemiska-conseils.com\/wp-content\/uploads\/2024\/12\/Valeurs-2-768x380.png 768w\" sizes=\"auto, (max-width: 1308px) 100vw, 1308px\" \/><\/figure>\n<\/div><\/div>\n\n\n\n<div class=\"wp-block-column is-vertically-aligned-center is-layout-flow wp-block-column-is-layout-flow\" style=\"padding-top:var(--wp--preset--spacing--40);padding-right:var(--wp--preset--spacing--40);padding-bottom:var(--wp--preset--spacing--40);padding-left:var(--wp--preset--spacing--40)\">\n<p class=\"has-medium-font-size\"><\/p>\n\n\n\n<h2 class=\"wp-block-heading\">\u2026sont ses valeurs .!<\/h2>\n<\/div>\n<\/div>\n<\/div><\/div>\n\n\n\n<section class=\"wp-block-cover alignfull\" style=\"padding-top:var(--wp--preset--spacing--80);padding-right:var(--wp--preset--spacing--40);padding-bottom:var(--wp--preset--spacing--80);padding-left:var(--wp--preset--spacing--40)\"><span aria-hidden=\"true\" class=\"wp-block-cover__background has-nv-dark-bg-background-color has-background-dim-80 has-background-dim\"><\/span><img decoding=\"async\" class=\"wp-block-cover__image-background wp-image-438\" alt=\"\" src=\"https:\/\/philippemiska-conseils.com\/wp-content\/themes\/neve\/assets\/img\/starter-content\/6.jpg\" style=\"object-position:48% 100%\" data-object-fit=\"cover\" data-object-position=\"48% 100%\"\/><div class=\"wp-block-cover__inner-container is-layout-constrained wp-container-core-cover-is-layout-cd625289 wp-block-cover-is-layout-constrained\">\n<div class=\"wp-block-columns are-vertically-aligned-center is-layout-flex wp-container-core-columns-is-layout-9d6595d7 wp-block-columns-is-layout-flex\">\n<div class=\"wp-block-column is-vertically-aligned-center is-layout-flow wp-block-column-is-layout-flow\">\n<div class=\"wp-block-group has-nv-text-dark-bg-color has-text-color has-link-color wp-elements-26a7e499cad535b7081f3a26c5cd7121\"><div class=\"wp-block-group__inner-container is-layout-flow wp-block-group-is-layout-flow\">\n<p class=\"has-text-align-center big-number has-text-color has-link-color wp-elements-b1dfea57e318ef6cd1a2037cb896fd8e\" style=\"color:#ffffff1c;font-size:220px\"><\/p>\n\n\n\n<h2 class=\"wp-block-heading has-text-align-center\">SA MISSION ..<\/h2>\n<\/div><\/div>\n<\/div>\n<\/div>\n\n\n\n<div class=\"wp-block-columns has-nv-text-dark-bg-color has-text-color has-link-color wp-elements-d96f4194a342ef71a322309972bf460b is-layout-flex wp-container-core-columns-is-layout-9d6595d7 wp-block-columns-is-layout-flex\">\n<div class=\"wp-block-column has-neve-text-color-color has-nv-site-bg-background-color has-text-color has-background has-link-color wp-elements-7b095d330a99e4213040108a39e32754 is-layout-flow wp-block-column-is-layout-flow\" style=\"border-bottom-color:var(--wp--preset--color--nv-c-1);border-bottom-width:8px;padding-top:var(--wp--preset--spacing--70);padding-right:var(--wp--preset--spacing--50);padding-bottom:var(--wp--preset--spacing--70);padding-left:var(--wp--preset--spacing--50)\"><div class=\"wp-block-image\">\n<figure class=\"aligncenter size-full is-resized has-custom-border\"><img loading=\"lazy\" decoding=\"async\" width=\"1865\" height=\"2208\" src=\"https:\/\/philippemiska-conseils.com\/wp-content\/uploads\/2024\/12\/Phil-2.png\" alt=\"\" class=\"wp-image-159\" style=\"border-radius:999px;aspect-ratio:1;object-fit:cover;width:158px;height:auto\" srcset=\"https:\/\/philippemiska-conseils.com\/wp-content\/uploads\/2024\/12\/Phil-2.png 1865w, https:\/\/philippemiska-conseils.com\/wp-content\/uploads\/2024\/12\/Phil-2-253x300.png 253w, https:\/\/philippemiska-conseils.com\/wp-content\/uploads\/2024\/12\/Phil-2-865x1024.png 865w, https:\/\/philippemiska-conseils.com\/wp-content\/uploads\/2024\/12\/Phil-2-768x909.png 768w, https:\/\/philippemiska-conseils.com\/wp-content\/uploads\/2024\/12\/Phil-2-1297x1536.png 1297w, https:\/\/philippemiska-conseils.com\/wp-content\/uploads\/2024\/12\/Phil-2-1730x2048.png 1730w\" sizes=\"auto, (max-width: 1865px) 100vw, 1865px\" \/><\/figure>\n<\/div>\n\n\n<div style=\"height:32px\" aria-hidden=\"true\" class=\"wp-block-spacer\"><\/div>\n\n\n\n<h3 class=\"wp-block-heading has-text-align-center\">Philippe MISKA<\/h3>\n\n\n\n<p class=\"has-text-align-center\"><em>\u00ab\u00a0&#8230;Ma mission est de transformer vos objectifs en r\u00e9sultats concrets, rapides et mesurables tout en mobilisant vos \u00e9quipes pour vous garantir une croissance p\u00e9renne !&#8230;\u00a0\u00bb<\/em><\/p>\n<\/div>\n<\/div>\n<\/div><\/section>\n\n\n\n<div class=\"wp-block-buttons is-content-justification-center is-layout-flex wp-container-core-buttons-is-layout-16018d1d wp-block-buttons-is-layout-flex\">\n<div class=\"wp-block-button is-style-primary\"><a class=\"wp-block-button__link wp-element-button\" href=\"https:\/\/philippemiska-conseils.com\/?page_id=87\">contactez-nous<\/a><\/div>\n<\/div>\n","protected":false},"excerpt":{"rendered":"","protected":false},"author":1,"featured_media":0,"parent":0,"menu_order":0,"comment_status":"closed","ping_status":"closed","template":"","meta":{"neve_meta_sidebar":"","neve_meta_container":"default","neve_meta_enable_content_width":"on","neve_meta_content_width":100,"neve_meta_title_alignment":"","neve_meta_author_avatar":"","neve_post_elements_order":"","neve_meta_disable_header":"off","neve_meta_disable_footer":"","neve_meta_disable_title":"on","footnotes":""},"class_list":["post-83","page","type-page","status-publish","hentry"],"_links":{"self":[{"href":"https:\/\/philippemiska-conseils.com\/index.php?rest_route=\/wp\/v2\/pages\/83","targetHints":{"allow":["GET"]}}],"collection":[{"href":"https:\/\/philippemiska-conseils.com\/index.php?rest_route=\/wp\/v2\/pages"}],"about":[{"href":"https:\/\/philippemiska-conseils.com\/index.php?rest_route=\/wp\/v2\/types\/page"}],"author":[{"embeddable":true,"href":"https:\/\/philippemiska-conseils.com\/index.php?rest_route=\/wp\/v2\/users\/1"}],"replies":[{"embeddable":true,"href":"https:\/\/philippemiska-conseils.com\/index.php?rest_route=%2Fwp%2Fv2%2Fcomments&post=83"}],"version-history":[{"count":44,"href":"https:\/\/philippemiska-conseils.com\/index.php?rest_route=\/wp\/v2\/pages\/83\/revisions"}],"predecessor-version":[{"id":517,"href":"https:\/\/philippemiska-conseils.com\/index.php?rest_route=\/wp\/v2\/pages\/83\/revisions\/517"}],"wp:attachment":[{"href":"https:\/\/philippemiska-conseils.com\/index.php?rest_route=%2Fwp%2Fv2%2Fmedia&parent=83"}],"curies":[{"name":"wp","href":"https:\/\/api.w.org\/{rel}","templated":true}]}}