{"id":85,"date":"2024-12-05T17:43:31","date_gmt":"2024-12-05T16:43:31","guid":{"rendered":"https:\/\/philippemiska-conseils.com\/?page_id=85"},"modified":"2024-12-19T10:18:08","modified_gmt":"2024-12-19T09:18:08","slug":"services-2","status":"publish","type":"page","link":"https:\/\/philippemiska-conseils.com\/?page_id=85","title":{"rendered":"Services"},"content":{"rendered":"\n<figure class=\"wp-block-image size-full\"><img loading=\"lazy\" decoding=\"async\" width=\"1271\" height=\"680\" src=\"https:\/\/philippemiska-conseils.com\/wp-content\/uploads\/2024\/12\/IMG_2005.jpeg\" alt=\"\" class=\"wp-image-479\" srcset=\"https:\/\/philippemiska-conseils.com\/wp-content\/uploads\/2024\/12\/IMG_2005.jpeg 1271w, https:\/\/philippemiska-conseils.com\/wp-content\/uploads\/2024\/12\/IMG_2005-300x161.jpeg 300w, https:\/\/philippemiska-conseils.com\/wp-content\/uploads\/2024\/12\/IMG_2005-1024x548.jpeg 1024w, https:\/\/philippemiska-conseils.com\/wp-content\/uploads\/2024\/12\/IMG_2005-768x411.jpeg 768w\" sizes=\"auto, (max-width: 1271px) 100vw, 1271px\" \/><figcaption class=\"wp-element-caption\">UNE APPROCHE PRAGMATIQUE combinant ACTIONS CONCR\u00c8TES et VISION STRAT\u00c9GIQUE<\/figcaption><\/figure>\n\n\n\n<div class=\"wp-block-cover alignfull\" style=\"padding-top:var(--wp--preset--spacing--80);padding-right:var(--wp--preset--spacing--50);padding-bottom:var(--wp--preset--spacing--80);padding-left:var(--wp--preset--spacing--50)\"><span aria-hidden=\"true\" class=\"wp-block-cover__background has-nv-site-bg-background-color has-background-dim-100 has-background-dim\"><\/span><div class=\"wp-block-cover__inner-container is-layout-flow wp-block-cover-is-layout-flow\">\n<div class=\"wp-block-group\"><div class=\"wp-block-group__inner-container is-layout-constrained wp-block-group-is-layout-constrained\">\n<p class=\"has-text-align-center big-number has-nv-light-bg-color has-text-color has-link-color wp-elements-78174843cffdef32a13b95df324e9fe8\" style=\"font-size:220px\"><\/p>\n\n\n\n<h2 class=\"wp-block-heading has-text-align-center has-neve-text-color-color has-text-color has-link-color wp-elements-d9338cdf4961fc5d6a9f8d68670b3bf7\">LES 3 PILIERS DE NOTRE APPROCHE<\/h2>\n\n\n\n<div style=\"height:80px\" aria-hidden=\"true\" class=\"wp-block-spacer\"><\/div>\n\n\n\n<div style=\"height:16px\" aria-hidden=\"true\" class=\"wp-block-spacer\"><\/div>\n<\/div><\/div>\n\n\n\n<div class=\"wp-block-columns are-vertically-aligned-center has-neve-text-color-color has-text-color has-link-color wp-elements-4d130ac2c29f2e8c1167e28a569206bc is-layout-flex wp-container-core-columns-is-layout-d735db0d wp-block-columns-is-layout-flex\" style=\"padding-top:0;padding-right:0;padding-bottom:0;padding-left:0\">\n<div class=\"wp-block-column is-vertically-aligned-center is-layout-flow wp-block-column-is-layout-flow\" style=\"padding-top:var(--wp--preset--spacing--40);padding-right:var(--wp--preset--spacing--50);padding-bottom:var(--wp--preset--spacing--40);padding-left:var(--wp--preset--spacing--50)\">\n<p class=\"has-medium-font-size\"><strong>N\u00b01<\/strong><\/p>\n\n\n\n<h2 class=\"wp-block-heading\"><strong>P.R.I.S.M.E. <\/strong><br>Le guide 360\u00b0 d\u2019analyse, d\u2019actions et de suivi, structur\u00e9 autour des 6 axes de la performance pour piloter votre transformation<\/h2>\n<\/div>\n\n\n\n<div class=\"wp-block-column is-vertically-aligned-center is-layout-flow wp-block-column-is-layout-flow\" style=\"padding-top:0;padding-right:0;padding-bottom:0;padding-left:0\"><div class=\"wp-block-image is-style-default\">\n<figure class=\"aligncenter size-full\" id=\"wp-block-themeisle-blocks-image-b261ce5a\"><img loading=\"lazy\" decoding=\"async\" width=\"1280\" height=\"791\" src=\"https:\/\/philippemiska-conseils.com\/wp-content\/uploads\/2024\/12\/IMG_1993-1.jpeg\" alt=\"\" class=\"wp-image-481\" srcset=\"https:\/\/philippemiska-conseils.com\/wp-content\/uploads\/2024\/12\/IMG_1993-1.jpeg 1280w, https:\/\/philippemiska-conseils.com\/wp-content\/uploads\/2024\/12\/IMG_1993-1-300x185.jpeg 300w, https:\/\/philippemiska-conseils.com\/wp-content\/uploads\/2024\/12\/IMG_1993-1-1024x633.jpeg 1024w, https:\/\/philippemiska-conseils.com\/wp-content\/uploads\/2024\/12\/IMG_1993-1-768x475.jpeg 768w\" sizes=\"auto, (max-width: 1280px) 100vw, 1280px\" \/><\/figure>\n<\/div><\/div>\n<\/div>\n\n\n\n<div class=\"wp-block-columns are-vertically-aligned-center has-neve-text-color-color has-text-color has-link-color wp-elements-29e065974fb0b40e11acec1b51abe6e1 is-layout-flex wp-container-core-columns-is-layout-d735db0d wp-block-columns-is-layout-flex\" style=\"padding-top:0;padding-right:0;padding-bottom:0;padding-left:0\">\n<div class=\"wp-block-column is-vertically-aligned-center is-layout-flow wp-block-column-is-layout-flow\" style=\"padding-top:0;padding-right:0;padding-bottom:0;padding-left:0\"><div class=\"wp-block-image is-style-default\">\n<figure class=\"aligncenter size-full\" id=\"wp-block-themeisle-blocks-image-d6c21ff0\"><img loading=\"lazy\" decoding=\"async\" width=\"1280\" height=\"858\" src=\"https:\/\/philippemiska-conseils.com\/wp-content\/uploads\/2024\/12\/IMG_1994-1.jpeg\" alt=\"\" class=\"wp-image-482\" srcset=\"https:\/\/philippemiska-conseils.com\/wp-content\/uploads\/2024\/12\/IMG_1994-1.jpeg 1280w, https:\/\/philippemiska-conseils.com\/wp-content\/uploads\/2024\/12\/IMG_1994-1-300x201.jpeg 300w, https:\/\/philippemiska-conseils.com\/wp-content\/uploads\/2024\/12\/IMG_1994-1-1024x686.jpeg 1024w, https:\/\/philippemiska-conseils.com\/wp-content\/uploads\/2024\/12\/IMG_1994-1-768x515.jpeg 768w\" sizes=\"auto, (max-width: 1280px) 100vw, 1280px\" \/><\/figure>\n<\/div><\/div>\n\n\n\n<div class=\"wp-block-column is-vertically-aligned-center is-layout-flow wp-block-column-is-layout-flow\" style=\"padding-top:var(--wp--preset--spacing--40);padding-right:var(--wp--preset--spacing--40);padding-bottom:var(--wp--preset--spacing--40);padding-left:var(--wp--preset--spacing--40)\">\n<p class=\"has-medium-font-size\"><strong>N\u00b02<\/strong><\/p>\n\n\n\n<h2 class=\"wp-block-heading\"><strong>SYNERGIE<\/strong><br>La d\u00e9marche de co-cr\u00e9ation, pour garantir l\u2019adh\u00e9sion de vos \u00e9quipes et l\u2019alignement \u00e0 vos objectifs et attentes de vos clients <\/h2>\n<\/div>\n<\/div>\n\n\n\n<div class=\"wp-block-columns are-vertically-aligned-center has-neve-text-color-color has-text-color has-link-color wp-elements-3a0c70eece98a54a91651a63799238ed is-layout-flex wp-container-core-columns-is-layout-d735db0d wp-block-columns-is-layout-flex\" style=\"padding-top:0;padding-right:0;padding-bottom:0;padding-left:0\">\n<div class=\"wp-block-column is-vertically-aligned-center is-layout-flow wp-block-column-is-layout-flow\" style=\"padding-top:var(--wp--preset--spacing--40);padding-right:var(--wp--preset--spacing--50);padding-bottom:var(--wp--preset--spacing--40);padding-left:var(--wp--preset--spacing--50)\">\n<p class=\"has-medium-font-size\"><strong>N\u00b03<\/strong><\/p>\n\n\n\n<h2 class=\"wp-block-heading\"><strong>LE PARCOURS<br><\/strong>une progression \u00ab&nbsp;sur-mesure&nbsp;\u00bb pour guider la mise en \u0153uvre des solutions et garantir des r\u00e9sultats rapides, mesurables et durables<\/h2>\n\n\n\n<p><\/p>\n<\/div>\n\n\n\n<div class=\"wp-block-column is-vertically-aligned-center is-layout-flow wp-block-column-is-layout-flow\" style=\"padding-top:0;padding-right:0;padding-bottom:0;padding-left:0\"><div class=\"wp-block-image is-style-default\">\n<figure class=\"aligncenter size-full\" id=\"wp-block-themeisle-blocks-image-6ec40326\"><img loading=\"lazy\" decoding=\"async\" width=\"1284\" height=\"561\" src=\"https:\/\/philippemiska-conseils.com\/wp-content\/uploads\/2024\/12\/IMG_2003-1.jpeg\" alt=\"\" class=\"wp-image-484\" srcset=\"https:\/\/philippemiska-conseils.com\/wp-content\/uploads\/2024\/12\/IMG_2003-1.jpeg 1284w, https:\/\/philippemiska-conseils.com\/wp-content\/uploads\/2024\/12\/IMG_2003-1-300x131.jpeg 300w, https:\/\/philippemiska-conseils.com\/wp-content\/uploads\/2024\/12\/IMG_2003-1-1024x447.jpeg 1024w, https:\/\/philippemiska-conseils.com\/wp-content\/uploads\/2024\/12\/IMG_2003-1-768x336.jpeg 768w\" sizes=\"auto, (max-width: 1284px) 100vw, 1284px\" \/><figcaption class=\"wp-element-caption\">D\u00e9couverte     I    Impulsion   I   Performance<\/figcaption><\/figure>\n<\/div><\/div>\n<\/div>\n\n\n\n<div class=\"wp-block-columns are-vertically-aligned-center has-neve-text-color-color has-text-color has-link-color wp-elements-cee49e196c837dcb451f398b586af097 is-layout-flex wp-container-core-columns-is-layout-d735db0d wp-block-columns-is-layout-flex\" style=\"padding-top:0;padding-right:0;padding-bottom:0;padding-left:0\">\n<div class=\"wp-block-column is-vertically-aligned-center is-layout-flow wp-block-column-is-layout-flow\" style=\"padding-top:var(--wp--preset--spacing--40);padding-right:var(--wp--preset--spacing--50);padding-bottom:var(--wp--preset--spacing--40);padding-left:var(--wp--preset--spacing--50)\">\n<p class=\"has-medium-font-size\"><\/p>\n\n\n\n<h2 class=\"wp-block-heading has-text-align-right\">VOS R\u00c9SULTATS :<\/h2>\n<\/div>\n\n\n\n<div class=\"wp-block-column is-vertically-aligned-center is-layout-flow wp-block-column-is-layout-flow\" style=\"padding-top:0;padding-right:0;padding-bottom:0;padding-left:0\"><div class=\"wp-block-image\">\n<figure class=\"aligncenter size-large\" id=\"wp-block-themeisle-blocks-image-6ec40326\"><img loading=\"lazy\" decoding=\"async\" width=\"1024\" height=\"509\" src=\"https:\/\/philippemiska-conseils.com\/wp-content\/uploads\/2024\/12\/Defis-7-1024x509.png\" alt=\"\" class=\"wp-image-206\" srcset=\"https:\/\/philippemiska-conseils.com\/wp-content\/uploads\/2024\/12\/Defis-7-1024x509.png 1024w, https:\/\/philippemiska-conseils.com\/wp-content\/uploads\/2024\/12\/Defis-7-300x149.png 300w, https:\/\/philippemiska-conseils.com\/wp-content\/uploads\/2024\/12\/Defis-7-768x381.png 768w, https:\/\/philippemiska-conseils.com\/wp-content\/uploads\/2024\/12\/Defis-7.png 1323w\" sizes=\"auto, (max-width: 1024px) 100vw, 1024px\" \/><\/figure>\n<\/div><\/div>\n<\/div>\n<\/div><\/div>\n\n\n\n<div class=\"wp-block-cover alignfull has-neve-text-color-color has-text-color has-link-color wp-elements-8b471af9dbee8596d2bb6744a0e94283\" style=\"padding-top:var(--wp--preset--spacing--80);padding-right:var(--wp--preset--spacing--40);padding-bottom:var(--wp--preset--spacing--80);padding-left:var(--wp--preset--spacing--40)\"><span aria-hidden=\"true\" class=\"wp-block-cover__background has-nv-light-bg-background-color has-background-dim-100 has-background-dim\"><\/span><div class=\"wp-block-cover__inner-container is-layout-flow wp-block-cover-is-layout-flow\">\n<div class=\"wp-block-columns is-layout-flex wp-container-core-columns-is-layout-9d6595d7 wp-block-columns-is-layout-flex\">\n<div class=\"wp-block-column is-layout-flow wp-block-column-is-layout-flow\" style=\"flex-basis:100%\">\n<div class=\"wp-block-group is-vertical is-content-justification-center is-layout-flex wp-container-core-group-is-layout-4b2eccd6 wp-block-group-is-layout-flex\">\n<p class=\"big-number has-nv-site-bg-color has-text-color has-link-color wp-elements-7317916ea004435fd774de1ee28f495d\" style=\"font-size:220px\"><\/p>\n\n\n\n<h2 class=\"wp-block-heading has-text-align-center has-neve-text-color-color has-text-color has-link-color wp-elements-db783722f631096261b524847afeb99f\">NOS LIVRABLES :<\/h2>\n\n\n\n<div style=\"height:0px\" aria-hidden=\"true\" class=\"wp-block-spacer wp-container-content-f9bd05ee\"><\/div>\n<\/div>\n<\/div>\n<\/div>\n\n\n\n<div class=\"wp-block-columns are-vertically-aligned-top is-layout-flex wp-container-core-columns-is-layout-9d6595d7 wp-block-columns-is-layout-flex\">\n<div class=\"wp-block-column is-vertically-aligned-top is-layout-flow wp-block-column-is-layout-flow\">\n<div class=\"wp-block-group\"><div class=\"wp-block-group__inner-container is-layout-constrained wp-block-group-is-layout-constrained\">\n<figure class=\"wp-block-image size-full is-resized\"><img loading=\"lazy\" decoding=\"async\" width=\"1280\" height=\"853\" src=\"https:\/\/philippemiska-conseils.com\/wp-content\/uploads\/2024\/12\/IMG_2006.jpeg\" alt=\"\" class=\"wp-image-486\" style=\"width:204px;height:auto\" srcset=\"https:\/\/philippemiska-conseils.com\/wp-content\/uploads\/2024\/12\/IMG_2006.jpeg 1280w, https:\/\/philippemiska-conseils.com\/wp-content\/uploads\/2024\/12\/IMG_2006-300x200.jpeg 300w, https:\/\/philippemiska-conseils.com\/wp-content\/uploads\/2024\/12\/IMG_2006-1024x682.jpeg 1024w, https:\/\/philippemiska-conseils.com\/wp-content\/uploads\/2024\/12\/IMG_2006-768x512.jpeg 768w, https:\/\/philippemiska-conseils.com\/wp-content\/uploads\/2024\/12\/IMG_2006-930x620.jpeg 930w\" sizes=\"auto, (max-width: 1280px) 100vw, 1280px\" \/><\/figure>\n\n\n\n<div style=\"height:28px\" aria-hidden=\"true\" class=\"wp-block-spacer\"><\/div>\n\n\n\n<p class=\"has-text-align-left has-medium-font-size\"><strong>Recommandations  \u00ab&nbsp;sur-mesure&nbsp;\u00bb <\/strong><\/p>\n\n\n\n<p class=\"has-text-align-left\">Une analyse approfondie pour prioriser les actions \u00e0 fort impact.<\/p>\n<\/div><\/div>\n<\/div>\n\n\n\n<div class=\"wp-block-column is-vertically-aligned-top is-layout-flow wp-block-column-is-layout-flow\">\n<div class=\"wp-block-group\"><div class=\"wp-block-group__inner-container is-layout-constrained wp-block-group-is-layout-constrained\">\n<figure class=\"wp-block-image size-full is-resized\"><img loading=\"lazy\" decoding=\"async\" width=\"1280\" height=\"853\" src=\"https:\/\/philippemiska-conseils.com\/wp-content\/uploads\/2024\/12\/IMG_2008.jpeg\" alt=\"\" class=\"wp-image-488\" style=\"width:200px;height:auto\" srcset=\"https:\/\/philippemiska-conseils.com\/wp-content\/uploads\/2024\/12\/IMG_2008.jpeg 1280w, https:\/\/philippemiska-conseils.com\/wp-content\/uploads\/2024\/12\/IMG_2008-300x200.jpeg 300w, https:\/\/philippemiska-conseils.com\/wp-content\/uploads\/2024\/12\/IMG_2008-1024x682.jpeg 1024w, https:\/\/philippemiska-conseils.com\/wp-content\/uploads\/2024\/12\/IMG_2008-768x512.jpeg 768w, https:\/\/philippemiska-conseils.com\/wp-content\/uploads\/2024\/12\/IMG_2008-930x620.jpeg 930w\" sizes=\"auto, (max-width: 1280px) 100vw, 1280px\" \/><\/figure>\n\n\n\n<div style=\"height:28px\" aria-hidden=\"true\" class=\"wp-block-spacer\"><\/div>\n\n\n\n<p class=\"has-text-align-left has-medium-font-size\"><strong>Plan d\u2019action personnalis\u00e9<\/strong><\/p>\n\n\n\n<p class=\"has-text-align-left\">Co-cr\u00e9\u00e9 avec vos \u00e9quipes, adapt\u00e9s \u00e0 vos objectifs et r\u00e9alit\u00e9s.<\/p>\n<\/div><\/div>\n<\/div>\n\n\n\n<div class=\"wp-block-column is-vertically-aligned-top is-layout-flow wp-block-column-is-layout-flow\">\n<div class=\"wp-block-group\"><div class=\"wp-block-group__inner-container is-layout-constrained wp-block-group-is-layout-constrained\">\n<figure class=\"wp-block-image size-full is-resized\"><img loading=\"lazy\" decoding=\"async\" width=\"1280\" height=\"854\" src=\"https:\/\/philippemiska-conseils.com\/wp-content\/uploads\/2024\/12\/IMG_2009.jpeg\" alt=\"\" class=\"wp-image-489\" style=\"width:198px;height:auto\" srcset=\"https:\/\/philippemiska-conseils.com\/wp-content\/uploads\/2024\/12\/IMG_2009.jpeg 1280w, https:\/\/philippemiska-conseils.com\/wp-content\/uploads\/2024\/12\/IMG_2009-300x200.jpeg 300w, https:\/\/philippemiska-conseils.com\/wp-content\/uploads\/2024\/12\/IMG_2009-1024x683.jpeg 1024w, https:\/\/philippemiska-conseils.com\/wp-content\/uploads\/2024\/12\/IMG_2009-768x512.jpeg 768w, https:\/\/philippemiska-conseils.com\/wp-content\/uploads\/2024\/12\/IMG_2009-930x620.jpeg 930w\" sizes=\"auto, (max-width: 1280px) 100vw, 1280px\" \/><\/figure>\n\n\n\n<div style=\"height:28px\" aria-hidden=\"true\" class=\"wp-block-spacer\"><\/div>\n\n\n\n<p class=\"has-text-align-left has-medium-font-size\"><strong>Indicateurs de suivi<\/strong> <strong>(KPIs)<\/strong><\/p>\n\n\n\n<p class=\"has-text-align-left\">Des tableaux de bord clairs pour mesurer les progr\u00e8s \u00e0 chaque \u00e9tape.<\/p>\n<\/div><\/div>\n<\/div>\n\n\n\n<div class=\"wp-block-column is-vertically-aligned-top is-layout-flow wp-block-column-is-layout-flow\">\n<div class=\"wp-block-group\"><div class=\"wp-block-group__inner-container is-layout-constrained wp-block-group-is-layout-constrained\">\n<figure class=\"wp-block-image size-full is-resized\"><img loading=\"lazy\" decoding=\"async\" width=\"1280\" height=\"853\" src=\"https:\/\/philippemiska-conseils.com\/wp-content\/uploads\/2024\/12\/IMG_2010.jpeg\" alt=\"\" class=\"wp-image-490\" style=\"width:200px;height:auto\" srcset=\"https:\/\/philippemiska-conseils.com\/wp-content\/uploads\/2024\/12\/IMG_2010.jpeg 1280w, https:\/\/philippemiska-conseils.com\/wp-content\/uploads\/2024\/12\/IMG_2010-300x200.jpeg 300w, https:\/\/philippemiska-conseils.com\/wp-content\/uploads\/2024\/12\/IMG_2010-1024x682.jpeg 1024w, https:\/\/philippemiska-conseils.com\/wp-content\/uploads\/2024\/12\/IMG_2010-768x512.jpeg 768w, https:\/\/philippemiska-conseils.com\/wp-content\/uploads\/2024\/12\/IMG_2010-930x620.jpeg 930w\" sizes=\"auto, (max-width: 1280px) 100vw, 1280px\" \/><\/figure>\n\n\n\n<div style=\"height:28px\" aria-hidden=\"true\" class=\"wp-block-spacer\"><\/div>\n\n\n\n<p class=\"has-text-align-left has-medium-font-size\"><strong>Guidance flexible<\/strong><\/p>\n\n\n\n<p class=\"has-text-align-left\">Un accompagnement ajust\u00e9 \u00e0 vos besoins et \u00e0 votre rythme, allant d\u2019un soutien l\u00e9ger \u00e0 l\u2019implication strat\u00e9gique approfondie.<\/p>\n<\/div><\/div>\n<\/div>\n<\/div>\n<\/div><\/div>\n\n\n\n<div class=\"wp-block-cover alignfull has-neve-text-color-color has-text-color has-link-color wp-elements-3023355762b51a00c8bae3e149e3af0c\" style=\"padding-top:var(--wp--preset--spacing--80);padding-right:var(--wp--preset--spacing--40);padding-bottom:var(--wp--preset--spacing--80);padding-left:var(--wp--preset--spacing--40)\"><span aria-hidden=\"true\" class=\"wp-block-cover__background has-nv-light-bg-background-color has-background-dim-100 has-background-dim\"><\/span><div class=\"wp-block-cover__inner-container is-layout-flow wp-block-cover-is-layout-flow\">\n<div class=\"wp-block-columns is-layout-flex wp-container-core-columns-is-layout-9d6595d7 wp-block-columns-is-layout-flex\">\n<div class=\"wp-block-column is-layout-flow wp-block-column-is-layout-flow\" style=\"flex-basis:100%\">\n<div class=\"wp-block-group is-vertical is-content-justification-center is-layout-flex wp-container-core-group-is-layout-4b2eccd6 wp-block-group-is-layout-flex\">\n<p class=\"big-number has-nv-site-bg-color has-text-color has-link-color wp-elements-7317916ea004435fd774de1ee28f495d\" style=\"font-size:220px\"><\/p>\n\n\n\n<h2 class=\"wp-block-heading has-text-align-center has-neve-text-color-color has-text-color has-link-color wp-elements-84094d2da49a8bf4208238a273d286f6\">Un diagnostic initial ?<\/h2>\n\n\n\n<p class=\"has-text-align-center\">________________<\/p>\n\n\n\n<div class=\"wp-block-buttons is-layout-flex wp-block-buttons-is-layout-flex\">\n<div class=\"wp-block-button is-style-primary\"><a class=\"wp-block-button__link wp-element-button\" href=\"https:\/\/philippemiska-conseils.com\/?page_id=87\">CONTACTEZ-NOUS<\/a><\/div>\n\n\n\n<div class=\"wp-block-button is-style-primary\"><a class=\"wp-block-button__link wp-element-button\" href=\"https:\/\/philippemiska-conseils.com\/?page_id=86\">POURQUOI NOUS ?<\/a><\/div>\n<\/div>\n\n\n\n<div style=\"height:0px\" aria-hidden=\"true\" class=\"wp-block-spacer wp-container-content-f9bd05ee\"><\/div>\n<\/div>\n<\/div>\n<\/div>\n\n\n\n<div class=\"wp-block-columns are-vertically-aligned-top is-layout-flex wp-container-core-columns-is-layout-9d6595d7 wp-block-columns-is-layout-flex\">\n<div class=\"wp-block-column is-vertically-aligned-top is-layout-flow wp-block-column-is-layout-flow\">\n<div class=\"wp-block-group has-nv-site-bg-background-color has-background\" style=\"border-radius:0px;border-bottom-color:var(--wp--preset--color--neve-link-hover-color);border-bottom-width:8px;padding-top:var(--wp--preset--spacing--40);padding-right:var(--wp--preset--spacing--40);padding-bottom:var(--wp--preset--spacing--40);padding-left:var(--wp--preset--spacing--40)\"><div class=\"wp-block-group__inner-container is-layout-constrained wp-container-core-group-is-layout-65a08581 wp-block-group-is-layout-constrained\"><div class=\"wp-block-image\">\n<figure class=\"aligncenter size-full is-resized\"><a href=\"https:\/\/philippemiska-conseils.com\/?page_id=83\"><img loading=\"lazy\" decoding=\"async\" width=\"613\" height=\"643\" src=\"https:\/\/philippemiska-conseils.com\/wp-content\/uploads\/2024\/12\/Logo_full-5.png\" alt=\"\" class=\"wp-image-211\" style=\"width:136px;height:auto\" srcset=\"https:\/\/philippemiska-conseils.com\/wp-content\/uploads\/2024\/12\/Logo_full-5.png 613w, https:\/\/philippemiska-conseils.com\/wp-content\/uploads\/2024\/12\/Logo_full-5-286x300.png 286w\" sizes=\"auto, (max-width: 613px) 100vw, 613px\" \/><\/a><\/figure>\n<\/div>\n\n\n<div style=\"height:28px\" aria-hidden=\"true\" class=\"wp-block-spacer\"><\/div>\n<\/div><\/div>\n<\/div>\n<\/div>\n<\/div><\/div>\n","protected":false},"excerpt":{"rendered":"","protected":false},"author":1,"featured_media":0,"parent":0,"menu_order":0,"comment_status":"closed","ping_status":"closed","template":"","meta":{"neve_meta_sidebar":"","neve_meta_container":"default","neve_meta_enable_content_width":"on","neve_meta_content_width":100,"neve_meta_title_alignment":"","neve_meta_author_avatar":"","neve_post_elements_order":"","neve_meta_disable_header":"off","neve_meta_disable_footer":"","neve_meta_disable_title":"on","footnotes":""},"class_list":["post-85","page","type-page","status-publish","hentry"],"_links":{"self":[{"href":"https:\/\/philippemiska-conseils.com\/index.php?rest_route=\/wp\/v2\/pages\/85","targetHints":{"allow":["GET"]}}],"collection":[{"href":"https:\/\/philippemiska-conseils.com\/index.php?rest_route=\/wp\/v2\/pages"}],"about":[{"href":"https:\/\/philippemiska-conseils.com\/index.php?rest_route=\/wp\/v2\/types\/page"}],"author":[{"embeddable":true,"href":"https:\/\/philippemiska-conseils.com\/index.php?rest_route=\/wp\/v2\/users\/1"}],"replies":[{"embeddable":true,"href":"https:\/\/philippemiska-conseils.com\/index.php?rest_route=%2Fwp%2Fv2%2Fcomments&post=85"}],"version-history":[{"count":86,"href":"https:\/\/philippemiska-conseils.com\/index.php?rest_route=\/wp\/v2\/pages\/85\/revisions"}],"predecessor-version":[{"id":555,"href":"https:\/\/philippemiska-conseils.com\/index.php?rest_route=\/wp\/v2\/pages\/85\/revisions\/555"}],"wp:attachment":[{"href":"https:\/\/philippemiska-conseils.com\/index.php?rest_route=%2Fwp%2Fv2%2Fmedia&parent=85"}],"curies":[{"name":"wp","href":"https:\/\/api.w.org\/{rel}","templated":true}]}}