{"id":86,"date":"2024-12-05T17:46:47","date_gmt":"2024-12-05T16:46:47","guid":{"rendered":"https:\/\/philippemiska-conseils.com\/?page_id=86"},"modified":"2024-12-10T09:54:42","modified_gmt":"2024-12-10T08:54:42","slug":"pourquoi-nous","status":"publish","type":"page","link":"https:\/\/philippemiska-conseils.com\/?page_id=86","title":{"rendered":"Pourquoi nous ?"},"content":{"rendered":"\n<figure class=\"wp-block-image alignfull size-full\"><img loading=\"lazy\" decoding=\"async\" width=\"1349\" height=\"878\" src=\"https:\/\/philippemiska-conseils.com\/wp-content\/uploads\/2024\/12\/IMG_2018.jpeg\" alt=\"\" class=\"wp-image-523\" srcset=\"https:\/\/philippemiska-conseils.com\/wp-content\/uploads\/2024\/12\/IMG_2018.jpeg 1349w, https:\/\/philippemiska-conseils.com\/wp-content\/uploads\/2024\/12\/IMG_2018-300x195.jpeg 300w, https:\/\/philippemiska-conseils.com\/wp-content\/uploads\/2024\/12\/IMG_2018-1024x666.jpeg 1024w, https:\/\/philippemiska-conseils.com\/wp-content\/uploads\/2024\/12\/IMG_2018-768x500.jpeg 768w\" sizes=\"auto, (max-width: 1349px) 100vw, 1349px\" \/><\/figure>\n\n\n\n<div class=\"wp-block-cover alignfull\" style=\"padding-top:var(--wp--preset--spacing--80);padding-right:var(--wp--preset--spacing--50);padding-bottom:var(--wp--preset--spacing--80);padding-left:var(--wp--preset--spacing--50);min-height:177px;aspect-ratio:unset;\"><span aria-hidden=\"true\" class=\"wp-block-cover__background has-nv-site-bg-background-color has-background-dim-100 has-background-dim\"><\/span><div class=\"wp-block-cover__inner-container is-layout-flow wp-block-cover-is-layout-flow\">\n<div class=\"wp-block-group\"><div class=\"wp-block-group__inner-container is-layout-constrained wp-block-group-is-layout-constrained\">\n<p class=\"has-text-align-center big-number has-nv-light-bg-color has-text-color has-link-color wp-elements-78174843cffdef32a13b95df324e9fe8\" style=\"font-size:220px\"><\/p>\n\n\n\n<h2 class=\"wp-block-heading has-text-align-center has-neve-text-color-color has-text-color has-link-color wp-elements-536c9bf0bdfd7cc861669247fd36eff5\">Des r\u00e9sultats concrets, rapides,<br>gr\u00e2ce \u00e0 une approche<br>\u00ab&nbsp;sur-mesure&nbsp;\u00bb et op\u00e9rationnelle<\/h2>\n\n\n\n<div style=\"height:16px\" aria-hidden=\"true\" class=\"wp-block-spacer\"><\/div>\n<\/div><\/div>\n<\/div><\/div>\n\n\n\n<div class=\"wp-block-cover alignfull has-neve-text-color-color has-text-color has-link-color wp-elements-a6e4f03301aac71c152facb2af32c797\" style=\"padding-top:var(--wp--preset--spacing--80);padding-right:var(--wp--preset--spacing--40);padding-bottom:var(--wp--preset--spacing--80);padding-left:var(--wp--preset--spacing--40);min-height:1185px;aspect-ratio:unset;\"><span aria-hidden=\"true\" class=\"wp-block-cover__background has-nv-light-bg-background-color has-background-dim-100 has-background-dim\"><\/span><div class=\"wp-block-cover__inner-container is-layout-flow wp-block-cover-is-layout-flow\">\n<div class=\"wp-block-cover alignfull\" style=\"padding-top:var(--wp--preset--spacing--80);padding-right:var(--wp--preset--spacing--50);padding-bottom:var(--wp--preset--spacing--80);padding-left:var(--wp--preset--spacing--50);min-height:949px;aspect-ratio:unset;\"><span aria-hidden=\"true\" class=\"wp-block-cover__background has-nv-light-bg-background-color has-background-dim-100 has-background-dim\"><\/span><div class=\"wp-block-cover__inner-container is-layout-flow wp-block-cover-is-layout-flow\">\n<div class=\"wp-block-columns has-neve-text-color-color has-text-color has-link-color wp-elements-c07d236a29b9e269f3c633474cd43113 is-layout-flex wp-container-core-columns-is-layout-9d6595d7 wp-block-columns-is-layout-flex\">\n<div class=\"wp-block-column is-layout-flow wp-block-column-is-layout-flow\">\n<p class=\"big-number has-nv-site-bg-color has-text-color has-link-color wp-elements-bfc73508ca85b407ad46216dfc394245\" style=\"font-size:220px\">P<\/p>\n\n\n\n<h2 class=\"wp-block-heading\"><strong>philippemiska-conseils<\/strong><\/h2>\n\n\n\n<p>vous accompagne dans votre qu\u00eate de la performance, gr\u00e2ce a une m\u00e9thodologie structur\u00e9e et op\u00e9rationnelle, une d\u00e9marche humaine et collaborative, un parcours progressif et sur-mesure pour des r\u00e9sultats concrets, et mesurables.<\/p>\n<\/div>\n\n\n\n<div class=\"wp-block-column is-layout-flow wp-block-column-is-layout-flow\">\n<div class=\"wp-block-group has-nv-site-bg-background-color has-background\" style=\"border-left-color:var(--wp--preset--color--neve-link-hover-color);border-left-width:8px;padding-top:var(--wp--preset--spacing--60);padding-right:var(--wp--preset--spacing--50);padding-bottom:var(--wp--preset--spacing--30);padding-left:var(--wp--preset--spacing--50)\"><div class=\"wp-block-group__inner-container is-layout-constrained wp-container-core-group-is-layout-68dbf2b9 wp-block-group-is-layout-constrained\">\n<h3 class=\"wp-block-heading\">01 &#8211; Une vision structur\u00e9e<\/h3>\n\n\n\n<p>Pour r\u00e9soudre vos d\u00e9fis strat\u00e9giques et op\u00e9rationnels.<\/p>\n<\/div><\/div>\n\n\n\n<div style=\"height:32px\" aria-hidden=\"true\" class=\"wp-block-spacer\"><\/div>\n\n\n\n<div class=\"wp-block-group has-nv-site-bg-background-color has-background\" style=\"border-left-color:var(--wp--preset--color--neve-link-color);border-left-width:8px;padding-top:var(--wp--preset--spacing--60);padding-right:var(--wp--preset--spacing--50);padding-bottom:var(--wp--preset--spacing--30);padding-left:var(--wp--preset--spacing--50)\"><div class=\"wp-block-group__inner-container is-layout-constrained wp-container-core-group-is-layout-68dbf2b9 wp-block-group-is-layout-constrained\">\n<h3 class=\"wp-block-heading\">02 &#8211; Des r\u00e9sultats rapides et mesurables<\/h3>\n\n\n\n<p>Tels que l\u2019augmentation des revenus, l\u2019am\u00e9lioration des marges, la fid\u00e9lisation Client et la r\u00e9duction des inefficacit\u00e9s.<\/p>\n<\/div><\/div>\n\n\n\n<div style=\"height:32px\" aria-hidden=\"true\" class=\"wp-block-spacer\"><\/div>\n\n\n\n<div class=\"wp-block-group has-nv-site-bg-background-color has-background\" style=\"border-left-color:var(--wp--preset--color--nv-c-1);border-left-width:8px;padding-top:var(--wp--preset--spacing--60);padding-right:var(--wp--preset--spacing--50);padding-bottom:var(--wp--preset--spacing--30);padding-left:var(--wp--preset--spacing--50)\"><div class=\"wp-block-group__inner-container is-layout-constrained wp-container-core-group-is-layout-68dbf2b9 wp-block-group-is-layout-constrained\">\n<h3 class=\"wp-block-heading\">03 &#8211; Une transformation durable<\/h3>\n\n\n\n<p>Bas\u00e9e sur des succ\u00e8s rapides (Quick Wins) et des solutions \u00ab&nbsp;sur-mesure&nbsp;\u00bb adapt\u00e9es \u00e0 vos besoins.<\/p>\n<\/div><\/div>\n<\/div>\n<\/div>\n<\/div><\/div>\n<\/div><\/div>\n\n\n\n<div class=\"wp-block-buttons is-content-justification-center is-layout-flex wp-container-core-buttons-is-layout-16018d1d wp-block-buttons-is-layout-flex\">\n<div class=\"wp-block-button is-style-primary\"><a class=\"wp-block-button__link wp-element-button\" href=\"https:\/\/philippemiska-conseils.com\/?page_id=87\">pr\u00eat \u00e0 transformer votre performance ?<\/a><\/div>\n<\/div>\n\n\n\n<p><\/p>\n\n\n\n<p><\/p>\n","protected":false},"excerpt":{"rendered":"","protected":false},"author":1,"featured_media":0,"parent":0,"menu_order":0,"comment_status":"closed","ping_status":"closed","template":"","meta":{"neve_meta_sidebar":"","neve_meta_container":"default","neve_meta_enable_content_width":"on","neve_meta_content_width":100,"neve_meta_title_alignment":"","neve_meta_author_avatar":"","neve_post_elements_order":"","neve_meta_disable_header":"off","neve_meta_disable_footer":"","neve_meta_disable_title":"on","footnotes":""},"class_list":["post-86","page","type-page","status-publish","hentry"],"_links":{"self":[{"href":"https:\/\/philippemiska-conseils.com\/index.php?rest_route=\/wp\/v2\/pages\/86","targetHints":{"allow":["GET"]}}],"collection":[{"href":"https:\/\/philippemiska-conseils.com\/index.php?rest_route=\/wp\/v2\/pages"}],"about":[{"href":"https:\/\/philippemiska-conseils.com\/index.php?rest_route=\/wp\/v2\/types\/page"}],"author":[{"embeddable":true,"href":"https:\/\/philippemiska-conseils.com\/index.php?rest_route=\/wp\/v2\/users\/1"}],"replies":[{"embeddable":true,"href":"https:\/\/philippemiska-conseils.com\/index.php?rest_route=%2Fwp%2Fv2%2Fcomments&post=86"}],"version-history":[{"count":32,"href":"https:\/\/philippemiska-conseils.com\/index.php?rest_route=\/wp\/v2\/pages\/86\/revisions"}],"predecessor-version":[{"id":532,"href":"https:\/\/philippemiska-conseils.com\/index.php?rest_route=\/wp\/v2\/pages\/86\/revisions\/532"}],"wp:attachment":[{"href":"https:\/\/philippemiska-conseils.com\/index.php?rest_route=%2Fwp%2Fv2%2Fmedia&parent=86"}],"curies":[{"name":"wp","href":"https:\/\/api.w.org\/{rel}","templated":true}]}}